{"id":459,"date":"2020-12-28T13:11:03","date_gmt":"2020-12-28T12:11:03","guid":{"rendered":"http:\/\/www.rothaug.org\/photoblog\/?page_id=459"},"modified":"2020-12-28T13:16:51","modified_gmt":"2020-12-28T12:16:51","slug":"ueber-mich","status":"publish","type":"page","link":"http:\/\/www.rothaug.org\/photoblog\/ueber-mich\/","title":{"rendered":"\u00dcber mich"},"content":{"rendered":"\n<p>Die Sch\u00f6nheit der Natur und die Neugierde an Pflanzen und Insekten treiben mich seit Jahren hinaus in die Natur. Viele Jahrzehnte fotografiere ich unsere fr\u00e4nkische Heimat und ihre vielf\u00e4ltige Landschaften, Flora und Fauna.<\/p>\n\n\n\n<p>Meine Bilder sollen dem Betrachter in die Vielf\u00e4ltigkeit der Natur entf\u00fchren und ihm die Augen \u00f6ffnen f\u00fcr das, was wir alle lieben und doch t\u00e4glich mit den F\u00fc\u00dfen treten: Unsere Heimat<\/p>\n","protected":false},"excerpt":{"rendered":"<p>Die Sch\u00f6nheit der Natur und die Neugierde an Pflanzen und Insekten treiben mich seit Jahren hinaus in die Natur. Viele Jahrzehnte fotografiere ich unsere fr\u00e4nkische Heimat und ihre vielf\u00e4ltige Landschaften, Flora und Fauna. Meine Bilder sollen dem Betrachter in die Vielf\u00e4ltigkeit der Natur entf\u00fchren und ihm die Augen \u00f6ffnen f\u00fcr das, was wir alle lieben&hellip; <a class=\"more-link\" href=\"http:\/\/www.rothaug.org\/photoblog\/ueber-mich\/\"><span class=\"screen-reader-text\">\u00dcber mich<\/span> weiterlesen<\/a><\/p>\n","protected":false},"author":2,"featured_media":446,"parent":0,"menu_order":0,"comment_status":"closed","ping_status":"closed","template":"","meta":{"ngg_post_thumbnail":0},"_links":{"self":[{"href":"http:\/\/www.rothaug.org\/photoblog\/wp-json\/wp\/v2\/pages\/459"}],"collection":[{"href":"http:\/\/www.rothaug.org\/photoblog\/wp-json\/wp\/v2\/pages"}],"about":[{"href":"http:\/\/www.rothaug.org\/photoblog\/wp-json\/wp\/v2\/types\/page"}],"author":[{"embeddable":true,"href":"http:\/\/www.rothaug.org\/photoblog\/wp-json\/wp\/v2\/users\/2"}],"replies":[{"embeddable":true,"href":"http:\/\/www.rothaug.org\/photoblog\/wp-json\/wp\/v2\/comments?post=459"}],"version-history":[{"count":2,"href":"http:\/\/www.rothaug.org\/photoblog\/wp-json\/wp\/v2\/pages\/459\/revisions"}],"predecessor-version":[{"id":463,"href":"http:\/\/www.rothaug.org\/photoblog\/wp-json\/wp\/v2\/pages\/459\/revisions\/463"}],"wp:featuredmedia":[{"embeddable":true,"href":"http:\/\/www.rothaug.org\/photoblog\/wp-json\/wp\/v2\/media\/446"}],"wp:attachment":[{"href":"http:\/\/www.rothaug.org\/photoblog\/wp-json\/wp\/v2\/media?parent=459"}],"curies":[{"name":"wp","href":"https:\/\/api.w.org\/{rel}","templated":true}]}}